{"id":2573,"date":"2017-05-01T07:46:32","date_gmt":"2017-05-01T05:46:32","guid":{"rendered":"https:\/\/galerie-ancienne-poste.com\/?post_type=product&#038;p=2573"},"modified":"2025-11-19T16:58:18","modified_gmt":"2025-11-19T15:58:18","slug":"catalog-gisele-buthod-garcon","status":"publish","type":"product","link":"http:\/\/galerie-ancienne-poste.com\/en\/produit\/catalogue-gisele-buthod-garcon\/","title":{"rendered":"Gis\u00e8le Buthod-Gar\u00e7on - 2017"},"content":{"rendered":"<p>Catalog Gis\u00e8le Buthod-Gar\u00e7on \"Pr\u00e9sences\" published to coincide with the exhibition at Galerie de l'Ancienne Poste.<br \/>\nText and comments by St\u00e9phanie Le Follic Hadida.<br \/>\nEnglish translation: Marina Duval Matthews<br \/>\nPhoto credits: Christine R\u00e9falo.<br \/>\n28 pages, format: 21 cm x 28 cm.<br \/>\nPublished May 2017.<br \/>\nISBN : 978-2-9558606-2-5<\/p>\n<p>Public price: 10\u20ac + far si de port<\/p>","protected":false},"excerpt":{"rendered":"<p>Catalog Gis\u00e8le Buthod-Gar\u00e7on \" Pr\u00e9sences \" published on the occasion of the exhibition at the Galerie de l'Ancienne Poste. Text and comments by St\u00e9phanie Le Follic Hadida. English translation: Marina Duval Matthews Photo credits: Christine R\u00e9falo. 28 pages, format: 21 cm x 28 cm. Published May 2017. ISBN : 978-2-9558606-2-5 Public price...<\/p>","protected":false},"featured_media":2575,"template":"","meta":{"_acf_changed":false,"_kad_blocks_custom_css":"","_kad_blocks_head_custom_js":"","_kad_blocks_body_custom_js":"","_kad_blocks_footer_custom_js":"","_kad_post_transparent":"default","_kad_post_title":"","_kad_post_layout":"default","_kad_post_sidebar_id":"","_kad_post_content_style":"default","_kad_post_vertical_padding":"default","_kad_post_feature":"","_kad_post_feature_position":"","_kad_post_header":false,"_kad_post_footer":false,"_kad_post_classname":""},"artiste_":[123],"product_brand":[],"product_cat":[229],"product_tag":[],"class_list":{"0":"post-2573","1":"product","2":"type-product","3":"status-publish","4":"has-post-thumbnail","6":"artiste_-gisele-buthod-garcon","7":"product_cat-publication","9":"first","10":"instock","11":"shipping-taxable","12":"purchasable","13":"product-type-simple","14":"entry","15":"content-bg","16":"loop-entry"},"acf":[],"taxonomy_info":{"artiste_":[{"value":123,"label":"Gis\u00e8le Buthod-Gar\u00e7on"}],"product_cat":[{"value":229,"label":"Publication"}]},"featured_image_src_large":["https:\/\/galerie-ancienne-poste.com\/wp-content\/uploads\/2025\/07\/catalogue-buthod-garcon-768x1024.jpg",768,1024,true],"author_info":[],"comment_info":"","_links":{"self":[{"href":"http:\/\/galerie-ancienne-poste.com\/en\/wp-json\/wp\/v2\/product\/2573","targetHints":{"allow":["GET"]}}],"collection":[{"href":"http:\/\/galerie-ancienne-poste.com\/en\/wp-json\/wp\/v2\/product"}],"about":[{"href":"http:\/\/galerie-ancienne-poste.com\/en\/wp-json\/wp\/v2\/types\/product"}],"wp:featuredmedia":[{"embeddable":true,"href":"http:\/\/galerie-ancienne-poste.com\/en\/wp-json\/wp\/v2\/media\/2575"}],"wp:attachment":[{"href":"http:\/\/galerie-ancienne-poste.com\/en\/wp-json\/wp\/v2\/media?parent=2573"}],"wp:term":[{"taxonomy":"artiste_","embeddable":true,"href":"http:\/\/galerie-ancienne-poste.com\/en\/wp-json\/wp\/v2\/artiste_?post=2573"},{"taxonomy":"product_brand","embeddable":true,"href":"http:\/\/galerie-ancienne-poste.com\/en\/wp-json\/wp\/v2\/product_brand?post=2573"},{"taxonomy":"product_cat","embeddable":true,"href":"http:\/\/galerie-ancienne-poste.com\/en\/wp-json\/wp\/v2\/product_cat?post=2573"},{"taxonomy":"product_tag","embeddable":true,"href":"http:\/\/galerie-ancienne-poste.com\/en\/wp-json\/wp\/v2\/product_tag?post=2573"}],"curies":[{"name":"wp","href":"https:\/\/api.w.org\/{rel}","templated":true}]}}