{"id":6535,"date":"2015-02-20T10:17:47","date_gmt":"2015-02-20T09:17:47","guid":{"rendered":"https:\/\/galerie-ancienne-poste.com\/?post_type=product&#038;p=6535"},"modified":"2026-01-03T15:27:17","modified_gmt":"2026-01-03T14:27:17","slug":"david-miller-catalog","status":"publish","type":"product","link":"https:\/\/galerie-ancienne-poste.com\/en\/produit\/catalogue-david-miller\/","title":{"rendered":"Prix David Miller &#8211; 2015"},"content":{"rendered":"<p>David Miller Award catalog.<br \/>\nEdition le Printemps des Potiers.<br \/>\nGraphic design: Vincent Gebel<br \/>\nPhotos: Antony Girardi, Andr\u00e9 le Maufff and Herev\u00e9 J\u00e9z\u00e9quel<br \/>\n96 pages<br \/>\nISBN: 978-9549923-0-4<\/p>\n<p>Price 19 \u20ac + shipping<\/p>\n<p>&nbsp;<\/p>","protected":false},"excerpt":{"rendered":"<p>Catalog Prix David Miller. Edition le Printemps des Potiers. Graphic design: Vincent Gebel Photos: Antony Girardi, Andr\u00e9 le Maufff and Herev\u00e9 J\u00e9z\u00e9quel 96 pages ISBN: 978-9549923-0-4 Price 19 \u20ac + postage &nbsp;<\/p>","protected":false},"featured_media":6534,"template":"","meta":{"_acf_changed":false,"_kad_blocks_custom_css":"","_kad_blocks_head_custom_js":"","_kad_blocks_body_custom_js":"","_kad_blocks_footer_custom_js":"","_kad_post_transparent":"default","_kad_post_title":"","_kad_post_layout":"default","_kad_post_sidebar_id":"","_kad_post_content_style":"default","_kad_post_vertical_padding":"default","_kad_post_feature":"","_kad_post_feature_position":"","_kad_post_header":false,"_kad_post_footer":false,"_kad_post_classname":""},"artiste_":[137],"product_brand":[],"product_cat":[229],"product_tag":[],"class_list":{"0":"post-6535","1":"product","2":"type-product","3":"status-publish","4":"has-post-thumbnail","6":"artiste_-david-miller","7":"product_cat-publication","9":"first","10":"instock","11":"shipping-taxable","12":"purchasable","13":"product-type-simple","14":"entry","15":"content-bg","16":"loop-entry"},"acf":[],"taxonomy_info":{"artiste_":[{"value":137,"label":"David Miller"}],"product_cat":[{"value":229,"label":"Publication"}]},"featured_image_src_large":["https:\/\/galerie-ancienne-poste.com\/wp-content\/uploads\/2025\/08\/catalogue-david-miller-664x1024.jpg",664,1024,true],"author_info":[],"comment_info":"","_links":{"self":[{"href":"https:\/\/galerie-ancienne-poste.com\/en\/wp-json\/wp\/v2\/product\/6535","targetHints":{"allow":["GET"]}}],"collection":[{"href":"https:\/\/galerie-ancienne-poste.com\/en\/wp-json\/wp\/v2\/product"}],"about":[{"href":"https:\/\/galerie-ancienne-poste.com\/en\/wp-json\/wp\/v2\/types\/product"}],"wp:featuredmedia":[{"embeddable":true,"href":"https:\/\/galerie-ancienne-poste.com\/en\/wp-json\/wp\/v2\/media\/6534"}],"wp:attachment":[{"href":"https:\/\/galerie-ancienne-poste.com\/en\/wp-json\/wp\/v2\/media?parent=6535"}],"wp:term":[{"taxonomy":"artiste_","embeddable":true,"href":"https:\/\/galerie-ancienne-poste.com\/en\/wp-json\/wp\/v2\/artiste_?post=6535"},{"taxonomy":"product_brand","embeddable":true,"href":"https:\/\/galerie-ancienne-poste.com\/en\/wp-json\/wp\/v2\/product_brand?post=6535"},{"taxonomy":"product_cat","embeddable":true,"href":"https:\/\/galerie-ancienne-poste.com\/en\/wp-json\/wp\/v2\/product_cat?post=6535"},{"taxonomy":"product_tag","embeddable":true,"href":"https:\/\/galerie-ancienne-poste.com\/en\/wp-json\/wp\/v2\/product_tag?post=6535"}],"curies":[{"name":"wp","href":"https:\/\/api.w.org\/{rel}","templated":true}]}}