{"id":86,"date":"2025-08-15T20:29:01","date_gmt":"2025-08-15T18:29:01","guid":{"rendered":"https:\/\/galerie-ancienne-poste.com\/?page_id=86"},"modified":"2025-09-05T08:06:16","modified_gmt":"2025-09-05T06:06:16","slug":"legal","status":"publish","type":"page","link":"https:\/\/galerie-ancienne-poste.com\/fr\/legal\/","title":{"rendered":"\ud80c\udc80 Mentions l\u00e9gales"},"content":{"rendered":"\n<p><strong>\u00c9diteur du site<\/strong><\/p>\n\n\n\n<ul id=\"adresse-mail\" class=\"wp-block-list\">\n<li><strong>Nom ou raison sociale<\/strong>:  Amis Galerie de l&rsquo;Ancienne Poste &#8211; A.G.A.P.<\/li>\n\n\n\n<li><strong>Forme juridique<\/strong>: Association Loi 1901<\/li>\n\n\n\n<li><strong>Adresse du si\u00e8ge social<\/strong>\u202f: 24, rue Philippe Verger 89130 Toucy, France<\/li>\n\n\n\n<li><strong>Num\u00e9ro de t\u00e9l\u00e9phone<\/strong>\u202f: +33 (0)3 86 74 33 00<\/li>\n\n\n\n<li><strong>Adresse e-mail\u202f de contact<\/strong>: contact@galerie-ancienne-poste.com<\/li>\n\n\n\n<li><strong>Num\u00e9ro d\u2019immatriculation<\/strong> SIRET\u202f: 412 222 606 00011<\/li>\n\n\n\n<li><strong>Directeur de la publication<\/strong>\u202f: Isabelle Brunelin, pr\u00e9sidente<\/li>\n<\/ul>\n\n\n\n<p><strong>H\u00e9bergement<\/strong><\/p>\n\n\n\n<ul class=\"wp-block-list\">\n<li><strong>H\u00e9bergeur<\/strong>\u202f: Stands<\/li>\n\n\n\n<li><strong>Adresse de l\u2019h\u00e9bergeur<\/strong>\u202f: Pentone, 20221 Cervioni, France<\/li>\n<\/ul>\n\n\n\n<p><strong>Propri\u00e9t\u00e9 intellectuelle<\/strong><br>L\u2019ensemble du contenu du site GALERIE-ANCIENNE-POSTE.COM, d\u00e9nomm\u00e9 plus bas \u2018\u2019Site\u2019\u2019: textes, images, graphismes, logo, ic\u00f4nes, sons, logiciels, etc., est la propri\u00e9t\u00e9 de l&rsquo;A.G.A.P. d\u00e9nomm\u00e9e plus bas \u2018\u2019Entreprise\u2019\u2019 fait l\u2019objet d\u2019une autorisation d\u2019utilisation. Toute reproduction, repr\u00e9sentation, modification, publication, adaptation de tout ou partie des \u00e9l\u00e9ments du site, quel que soit le moyen ou le proc\u00e9d\u00e9 utilis\u00e9, est interdite, sauf autorisation \u00e9crite pr\u00e9alable de l\u2019Entreprise.<\/p>\n\n\n\n<p><strong>Conditions g\u00e9n\u00e9rales d\u2019utilisation<\/strong><br>L\u2019utilisation du site implique l\u2019acceptation pleine et enti\u00e8re des conditions g\u00e9n\u00e9rales d\u2019utilisation d\u00e9crites ci-apr\u00e8s. Ces conditions sont susceptibles d\u2019\u00eatre modifi\u00e9es ou compl\u00e9t\u00e9es \u00e0 tout moment\u202f; les utilisateurs du site sont donc invit\u00e9s \u00e0 les consulter r\u00e9guli\u00e8rement.<\/p>\n\n\n\n<p><strong>Protection des donn\u00e9es personnelles<\/strong><br>Les informations recueillies via les formulaires pr\u00e9sents sur ce site sont enregistr\u00e9es par l\u2019Entreprise pour analyse statistiques de fr\u00e9quentation et gestion commerciale. Conform\u00e9ment \u00e0 la loi Informatique et Libert\u00e9s et au RGPD, vous pouvez exercer vos droits d\u2019acc\u00e8s, de rectification et d\u2019opposition aux donn\u00e9es vous concernant en contactant\u202f <a href=\"#adresse-mail\">l\u2019adresse e-mail de contact<\/a> figurant en haut de page.<\/p>\n\n\n\n<p><strong>Cookies<\/strong><br>Le Site utilise des cookies pour am\u00e9liorer l\u2019exp\u00e9rience utilisateur, r\u00e9aliser des statistiques de visites et proposer des services adapt\u00e9s. Pour en savoir plus et param\u00e9trer les cookies, consultez notre politique de confidentialit\u00e9.<\/p>\n\n\n\n<p><strong>Droit applicable et attribution de juridiction<\/strong><br>Tout litige en relation avec l\u2019utilisation du Site est soumis au droit fran\u00e7ais. Il est fait attribution exclusive de juridiction aux tribunaux comp\u00e9tents du d\u00e9partement de l\u2019Entreprise.<\/p>\n\n\n\n<p><strong>Contact<\/strong><br>Pour toute question, information sur les produits ou services pr\u00e9sent\u00e9s sur le site, ou concernant le site lui-m\u00eame, vous pouvez laisser un message \u00e0\u202f <a href=\"#adresse-mail\">l\u2019adresse e-mail de contact<\/a> figurant en haut de page.<\/p>\n","protected":false},"excerpt":{"rendered":"<p>\u00c9diteur du site H\u00e9bergement Propri\u00e9t\u00e9 intellectuelleL\u2019ensemble du contenu du site GALERIE-ANCIENNE-POSTE.COM, d\u00e9nomm\u00e9 plus bas \u2018\u2019Site\u2019\u2019: textes, images, graphismes, logo, ic\u00f4nes, sons, logiciels, etc., est la propri\u00e9t\u00e9 de l&rsquo;A.G.A.P. d\u00e9nomm\u00e9e plus bas \u2018\u2019Entreprise\u2019\u2019 fait l\u2019objet d\u2019une autorisation d\u2019utilisation. Toute reproduction, repr\u00e9sentation, modification, publication, adaptation de tout ou partie des \u00e9l\u00e9ments du site, quel que soit le&#8230;<\/p>\n","protected":false},"author":206,"featured_media":0,"parent":0,"menu_order":15,"comment_status":"closed","ping_status":"closed","template":"","meta":{"_acf_changed":false,"_kad_blocks_custom_css":"","_kad_blocks_head_custom_js":"","_kad_blocks_body_custom_js":"","_kad_blocks_footer_custom_js":"","_kad_post_transparent":"","_kad_post_title":"show","_kad_post_layout":"narrow","_kad_post_sidebar_id":"","_kad_post_content_style":"","_kad_post_vertical_padding":"","_kad_post_feature":"","_kad_post_feature_position":"","_kad_post_header":false,"_kad_post_footer":false,"_kad_post_classname":"","footnotes":""},"class_list":["post-86","page","type-page","status-publish","hentry"],"acf":[],"taxonomy_info":[],"featured_image_src_large":false,"author_info":{"display_name":"ethansitbon","author_link":"https:\/\/galerie-ancienne-poste.com\/fr\/author\/ethansitbon\/"},"comment_info":0,"_links":{"self":[{"href":"https:\/\/galerie-ancienne-poste.com\/fr\/wp-json\/wp\/v2\/pages\/86","targetHints":{"allow":["GET"]}}],"collection":[{"href":"https:\/\/galerie-ancienne-poste.com\/fr\/wp-json\/wp\/v2\/pages"}],"about":[{"href":"https:\/\/galerie-ancienne-poste.com\/fr\/wp-json\/wp\/v2\/types\/page"}],"author":[{"embeddable":true,"href":"https:\/\/galerie-ancienne-poste.com\/fr\/wp-json\/wp\/v2\/users\/206"}],"replies":[{"embeddable":true,"href":"https:\/\/galerie-ancienne-poste.com\/fr\/wp-json\/wp\/v2\/comments?post=86"}],"version-history":[{"count":8,"href":"https:\/\/galerie-ancienne-poste.com\/fr\/wp-json\/wp\/v2\/pages\/86\/revisions"}],"predecessor-version":[{"id":8187,"href":"https:\/\/galerie-ancienne-poste.com\/fr\/wp-json\/wp\/v2\/pages\/86\/revisions\/8187"}],"wp:attachment":[{"href":"https:\/\/galerie-ancienne-poste.com\/fr\/wp-json\/wp\/v2\/media?parent=86"}],"curies":[{"name":"wp","href":"https:\/\/api.w.org\/{rel}","templated":true}]}}