{"id":2533,"date":"2025-05-15T22:33:32","date_gmt":"2025-05-15T20:33:32","guid":{"rendered":"https:\/\/galerie-ancienne-poste.com\/?post_type=product&#038;p=2533"},"modified":"2026-01-03T15:22:53","modified_gmt":"2026-01-03T14:22:53","slug":"catalogue-palma-babos","status":"publish","type":"product","link":"https:\/\/galerie-ancienne-poste.com\/fr\/produit\/catalogue-palma-babos\/","title":{"rendered":"P\u00e1lma Babos &#8211; 2025"},"content":{"rendered":"<p>Catalogue P\u00e1lma Babos \u00ab Ensemble \u00bb publi\u00e9 \u00e0 l&rsquo;occasion de l&rsquo;exposition \u00e0 la Galerie de l&rsquo;Ancienne Poste.<br \/>\nTextes : Manuel Jover, journaliste, critique d\u2019art<br \/>\nTraduction : Marina Duval Matthews<br \/>\nPhotos : Gell\u00e9rt \u00c1ment<br \/>\n44 pages, format : 21 x 29.7 cm.<br \/>\nParution mai 2025.<br \/>\nISBN : 978-2-491917-15-9<\/p>\n<p>Prix public : 20\u20ac + frais de port<\/p>\n","protected":false},"excerpt":{"rendered":"<p>Catalogue P\u00e1lma Babos \u00ab Ensemble \u00bb publi\u00e9 \u00e0 l&rsquo;occasion de l&rsquo;exposition \u00e0 la Galerie de l&rsquo;Ancienne Poste. Textes : Manuel Jover, journaliste, critique d\u2019art Traduction : Marina Duval Matthews Photos : Gell\u00e9rt \u00c1ment 44 pages, format : 21 x 29.7 cm. Parution mai 2025. ISBN : 978-2-491917-15-9 Prix public : 20\u20ac + frais de port<\/p>\n","protected":false},"featured_media":419,"template":"","meta":{"_acf_changed":false,"_kad_blocks_custom_css":"","_kad_blocks_head_custom_js":"","_kad_blocks_body_custom_js":"","_kad_blocks_footer_custom_js":"","_kad_post_transparent":"default","_kad_post_title":"","_kad_post_layout":"default","_kad_post_sidebar_id":"","_kad_post_content_style":"default","_kad_post_vertical_padding":"default","_kad_post_feature":"","_kad_post_feature_position":"","_kad_post_header":false,"_kad_post_footer":false,"_kad_post_classname":""},"artiste_":[108],"product_brand":[],"product_cat":[229],"product_tag":[],"class_list":{"0":"post-2533","1":"product","2":"type-product","3":"status-publish","4":"has-post-thumbnail","6":"artiste_-palma-babos","7":"product_cat-publication","9":"first","10":"instock","11":"shipping-taxable","12":"purchasable","13":"product-type-simple","14":"entry","15":"content-bg","16":"loop-entry"},"acf":[],"taxonomy_info":{"artiste_":[{"value":108,"label":"Palma Babos"}],"product_cat":[{"value":229,"label":"Publication"}]},"featured_image_src_large":["https:\/\/galerie-ancienne-poste.com\/wp-content\/uploads\/2025\/07\/catalogue-palma-babos-732x1024.jpg",732,1024,true],"author_info":[],"comment_info":"","_links":{"self":[{"href":"https:\/\/galerie-ancienne-poste.com\/fr\/wp-json\/wp\/v2\/product\/2533","targetHints":{"allow":["GET"]}}],"collection":[{"href":"https:\/\/galerie-ancienne-poste.com\/fr\/wp-json\/wp\/v2\/product"}],"about":[{"href":"https:\/\/galerie-ancienne-poste.com\/fr\/wp-json\/wp\/v2\/types\/product"}],"wp:featuredmedia":[{"embeddable":true,"href":"https:\/\/galerie-ancienne-poste.com\/fr\/wp-json\/wp\/v2\/media\/419"}],"wp:attachment":[{"href":"https:\/\/galerie-ancienne-poste.com\/fr\/wp-json\/wp\/v2\/media?parent=2533"}],"wp:term":[{"taxonomy":"artiste_","embeddable":true,"href":"https:\/\/galerie-ancienne-poste.com\/fr\/wp-json\/wp\/v2\/artiste_?post=2533"},{"taxonomy":"product_brand","embeddable":true,"href":"https:\/\/galerie-ancienne-poste.com\/fr\/wp-json\/wp\/v2\/product_brand?post=2533"},{"taxonomy":"product_cat","embeddable":true,"href":"https:\/\/galerie-ancienne-poste.com\/fr\/wp-json\/wp\/v2\/product_cat?post=2533"},{"taxonomy":"product_tag","embeddable":true,"href":"https:\/\/galerie-ancienne-poste.com\/fr\/wp-json\/wp\/v2\/product_tag?post=2533"}],"curies":[{"name":"wp","href":"https:\/\/api.w.org\/{rel}","templated":true}]}}