{"id":2535,"date":"2024-11-09T06:54:02","date_gmt":"2024-11-09T05:54:02","guid":{"rendered":"https:\/\/galerie-ancienne-poste.com\/?post_type=product&#038;p=2535"},"modified":"2026-01-03T15:23:35","modified_gmt":"2026-01-03T14:23:35","slug":"catalogue-camille-virot","status":"publish","type":"product","link":"https:\/\/galerie-ancienne-poste.com\/fr\/produit\/catalogue-camille-virot\/","title":{"rendered":"Camille Virot &#8211; 2024"},"content":{"rendered":"<p>Catalogue Camille Virot \u00ab Mati\u00e8res vives, m\u00e9langes exog\u00e8nes, horizons cach\u00e9s \u00bb publi\u00e9 \u00e0 l\u2019occasion de l\u2019exposition \u00e0 la Galerie de l\u2019Ancienne Poste.<br \/>\nTextes : Manuel Jover, journaliste, critique d\u2019art<br \/>\nPhotos : Pascal Vangysel<br \/>\n64 pages, format : 21 x 29.7 cm.<br \/>\nParution novembre 2024.<br \/>\nISBN 978-2-491917-13-5<\/p>\n<p>Prix public : 20\u20ac + frais de port<\/p>\n","protected":false},"excerpt":{"rendered":"<p>Catalogue Camille Virot \u00ab Mati\u00e8res vives, m\u00e9langes exog\u00e8nes, horizons cach\u00e9s \u00bb publi\u00e9 \u00e0 l\u2019occasion de l\u2019exposition \u00e0 la Galerie de l\u2019Ancienne Poste. Textes : Manuel Jover, journaliste, critique d\u2019art Photos : Pascal Vangysel 64 pages, format : 21 x 29.7 cm. Parution novembre 2024. ISBN 978-2-491917-13-5 Prix public : 20\u20ac + frais de port<\/p>\n","protected":false},"featured_media":408,"template":"","meta":{"_acf_changed":false,"_kad_blocks_custom_css":"","_kad_blocks_head_custom_js":"","_kad_blocks_body_custom_js":"","_kad_blocks_footer_custom_js":"","_kad_post_transparent":"default","_kad_post_title":"","_kad_post_layout":"default","_kad_post_sidebar_id":"","_kad_post_content_style":"default","_kad_post_vertical_padding":"default","_kad_post_feature":"","_kad_post_feature_position":"","_kad_post_header":false,"_kad_post_footer":false,"_kad_post_classname":""},"artiste_":[110],"product_brand":[],"product_cat":[229],"product_tag":[],"class_list":{"0":"post-2535","1":"product","2":"type-product","3":"status-publish","4":"has-post-thumbnail","6":"artiste_-camille-virot","7":"product_cat-publication","9":"first","10":"instock","11":"shipping-taxable","12":"purchasable","13":"product-type-simple","14":"entry","15":"content-bg","16":"loop-entry"},"acf":[],"taxonomy_info":{"artiste_":[{"value":110,"label":"Camille Virot"}],"product_cat":[{"value":229,"label":"Publication"}]},"featured_image_src_large":["https:\/\/galerie-ancienne-poste.com\/wp-content\/uploads\/2025\/07\/camille-virot-catalogue-2024-729x1024.jpg",729,1024,true],"author_info":[],"comment_info":"","_links":{"self":[{"href":"https:\/\/galerie-ancienne-poste.com\/fr\/wp-json\/wp\/v2\/product\/2535","targetHints":{"allow":["GET"]}}],"collection":[{"href":"https:\/\/galerie-ancienne-poste.com\/fr\/wp-json\/wp\/v2\/product"}],"about":[{"href":"https:\/\/galerie-ancienne-poste.com\/fr\/wp-json\/wp\/v2\/types\/product"}],"wp:featuredmedia":[{"embeddable":true,"href":"https:\/\/galerie-ancienne-poste.com\/fr\/wp-json\/wp\/v2\/media\/408"}],"wp:attachment":[{"href":"https:\/\/galerie-ancienne-poste.com\/fr\/wp-json\/wp\/v2\/media?parent=2535"}],"wp:term":[{"taxonomy":"artiste_","embeddable":true,"href":"https:\/\/galerie-ancienne-poste.com\/fr\/wp-json\/wp\/v2\/artiste_?post=2535"},{"taxonomy":"product_brand","embeddable":true,"href":"https:\/\/galerie-ancienne-poste.com\/fr\/wp-json\/wp\/v2\/product_brand?post=2535"},{"taxonomy":"product_cat","embeddable":true,"href":"https:\/\/galerie-ancienne-poste.com\/fr\/wp-json\/wp\/v2\/product_cat?post=2535"},{"taxonomy":"product_tag","embeddable":true,"href":"https:\/\/galerie-ancienne-poste.com\/fr\/wp-json\/wp\/v2\/product_tag?post=2535"}],"curies":[{"name":"wp","href":"https:\/\/api.w.org\/{rel}","templated":true}]}}