{"id":2576,"date":"2017-03-05T07:57:08","date_gmt":"2017-03-05T06:57:08","guid":{"rendered":"https:\/\/galerie-ancienne-poste.com\/?post_type=product&#038;p=2576"},"modified":"2025-11-19T16:59:14","modified_gmt":"2025-11-19T15:59:14","slug":"catalogue-bente-hansen","status":"publish","type":"product","link":"https:\/\/galerie-ancienne-poste.com\/fr\/produit\/catalogue-bente-hansen\/","title":{"rendered":"Bente Hansen &#8211; 2017"},"content":{"rendered":"<p>Catalogue Bente Hansen \u00ab Le\u00e7ons de g\u00e9om\u00e9trie \u00bb publi\u00e9 \u00e0 l\u2019occasion de l\u2019exposition \u00e0 la Galerie de l\u2019Ancienne Poste.<br \/>\nTexte et propos recueillis par Myriam Boutoulle, journaliste &amp; critique d\u2019art.<br \/>\nTraduction en anglais : Marina Duval Matthews<br \/>\nCr\u00e9dits photographiques : Ole Akh\u00f8j.<br \/>\n28 pages, format : 21 cm x 28 cm.<br \/>\nParution mars 2017.<br \/>\nISBN : 978-2- 9558606-1- 8<\/p>\n<p>Prix public : 10\u20ac +frais de port<\/p>\n","protected":false},"excerpt":{"rendered":"<p>Catalogue Bente Hansen \u00ab Le\u00e7ons de g\u00e9om\u00e9trie \u00bb publi\u00e9 \u00e0 l\u2019occasion de l\u2019exposition \u00e0 la Galerie de l\u2019Ancienne Poste. Texte et propos recueillis par Myriam Boutoulle, journaliste &amp; critique d\u2019art. Traduction en anglais : Marina Duval Matthews Cr\u00e9dits photographiques : Ole Akh\u00f8j. 28 pages, format : 21 cm x 28 cm. Parution mars 2017. ISBN&#8230;<\/p>\n","protected":false},"featured_media":406,"template":"","meta":{"_acf_changed":false,"_kad_blocks_custom_css":"","_kad_blocks_head_custom_js":"","_kad_blocks_body_custom_js":"","_kad_blocks_footer_custom_js":"","_kad_post_transparent":"default","_kad_post_title":"","_kad_post_layout":"default","_kad_post_sidebar_id":"","_kad_post_content_style":"default","_kad_post_vertical_padding":"default","_kad_post_feature":"","_kad_post_feature_position":"","_kad_post_header":false,"_kad_post_footer":false,"_kad_post_classname":""},"artiste_":[124],"product_brand":[],"product_cat":[229],"product_tag":[],"class_list":{"0":"post-2576","1":"product","2":"type-product","3":"status-publish","4":"has-post-thumbnail","6":"artiste_-bente-hansen","7":"product_cat-publication","9":"first","10":"instock","11":"shipping-taxable","12":"purchasable","13":"product-type-simple","14":"entry","15":"content-bg","16":"loop-entry"},"acf":[],"taxonomy_info":{"artiste_":[{"value":124,"label":"Bente Hansen"}],"product_cat":[{"value":229,"label":"Publication"}]},"featured_image_src_large":["https:\/\/galerie-ancienne-poste.com\/wp-content\/uploads\/2025\/07\/bente-hansen-catalogue-768x1024.jpg",768,1024,true],"author_info":[],"comment_info":"","_links":{"self":[{"href":"https:\/\/galerie-ancienne-poste.com\/fr\/wp-json\/wp\/v2\/product\/2576","targetHints":{"allow":["GET"]}}],"collection":[{"href":"https:\/\/galerie-ancienne-poste.com\/fr\/wp-json\/wp\/v2\/product"}],"about":[{"href":"https:\/\/galerie-ancienne-poste.com\/fr\/wp-json\/wp\/v2\/types\/product"}],"wp:featuredmedia":[{"embeddable":true,"href":"https:\/\/galerie-ancienne-poste.com\/fr\/wp-json\/wp\/v2\/media\/406"}],"wp:attachment":[{"href":"https:\/\/galerie-ancienne-poste.com\/fr\/wp-json\/wp\/v2\/media?parent=2576"}],"wp:term":[{"taxonomy":"artiste_","embeddable":true,"href":"https:\/\/galerie-ancienne-poste.com\/fr\/wp-json\/wp\/v2\/artiste_?post=2576"},{"taxonomy":"product_brand","embeddable":true,"href":"https:\/\/galerie-ancienne-poste.com\/fr\/wp-json\/wp\/v2\/product_brand?post=2576"},{"taxonomy":"product_cat","embeddable":true,"href":"https:\/\/galerie-ancienne-poste.com\/fr\/wp-json\/wp\/v2\/product_cat?post=2576"},{"taxonomy":"product_tag","embeddable":true,"href":"https:\/\/galerie-ancienne-poste.com\/fr\/wp-json\/wp\/v2\/product_tag?post=2576"}],"curies":[{"name":"wp","href":"https:\/\/api.w.org\/{rel}","templated":true}]}}