{"id":5659,"date":"2013-05-11T18:45:05","date_gmt":"2013-05-11T16:45:05","guid":{"rendered":"https:\/\/galerie-ancienne-poste.com\/?post_type=product&#038;p=5659"},"modified":"2025-08-24T18:51:26","modified_gmt":"2025-08-24T16:51:26","slug":"catalogue-ursula-morley-price-2013","status":"publish","type":"product","link":"https:\/\/galerie-ancienne-poste.com\/fr\/produit\/catalogue-ursula-morley-price-2013\/","title":{"rendered":"Ursula Morley-Price &#8211; 2013"},"content":{"rendered":"<p>Catalogue Ursula Morley-Price publi\u00e9 \u00e0 l&rsquo;occasion de la r\u00e9trospective consacr\u00e9e \u00e0 l&rsquo;artiste au MAM de Troyes en 2013.<br \/>\nTextes : \u00c9lisabeth V\u00e9drenne, journaliste, critique d\u2019art, Olivier Le Bihan, conservateur du mus\u00e9e d\u2019Art moderne de Troyes<br \/>\nPhotos : Philippe Maz\u00e8re<br \/>\nTraduction : Hillary Gault<br \/>\nConception graphique \/ Graphic design.\u00a0 Georges Monti ( \u00c9ditions Le temps qu\u2019il fait )<br \/>\n150 pages, format : 21 x 29.7 cm.<br \/>\nParution juin 2013.<br \/>\nISBN : 978-2-9539689-2-7<br \/>\n<strong><em>Epuis\u00e9\u00a0<\/em><\/strong><\/p>\n","protected":false},"excerpt":{"rendered":"<p>Catalogue Ursula Morley-Price publi\u00e9 \u00e0 l&rsquo;occasion de la r\u00e9trospective consacr\u00e9e \u00e0 l&rsquo;artiste au MAM de Troyes en 2013. Textes : \u00c9lisabeth V\u00e9drenne, journaliste, critique d\u2019art, Olivier Le Bihan, conservateur du mus\u00e9e d\u2019Art moderne de Troyes Photos : Philippe Maz\u00e8re Traduction : Hillary Gault Conception graphique \/ Graphic design.\u00a0 Georges Monti ( \u00c9ditions Le temps qu\u2019il&#8230;<\/p>\n","protected":false},"featured_media":5658,"template":"","meta":{"_acf_changed":false,"_kad_blocks_custom_css":"","_kad_blocks_head_custom_js":"","_kad_blocks_body_custom_js":"","_kad_blocks_footer_custom_js":"","_kad_post_transparent":"default","_kad_post_title":"","_kad_post_layout":"default","_kad_post_sidebar_id":"","_kad_post_content_style":"default","_kad_post_vertical_padding":"default","_kad_post_feature":"","_kad_post_feature_position":"","_kad_post_header":false,"_kad_post_footer":false,"_kad_post_classname":""},"artiste_":[112],"product_brand":[],"product_cat":[229],"product_tag":[],"class_list":{"0":"post-5659","1":"product","2":"type-product","3":"status-publish","4":"has-post-thumbnail","6":"artiste_-ursula-morley-price","7":"product_cat-publication","9":"first","10":"instock","11":"shipping-taxable","12":"product-type-simple","13":"entry","14":"content-bg","15":"loop-entry"},"acf":[],"taxonomy_info":{"artiste_":[{"value":112,"label":"Ursula Morley-Price"}],"product_cat":[{"value":229,"label":"Publication"}]},"featured_image_src_large":["https:\/\/galerie-ancienne-poste.com\/wp-content\/uploads\/2025\/08\/catalogue-morley-price-2013-801x1024.jpg",801,1024,true],"author_info":[],"comment_info":"","_links":{"self":[{"href":"https:\/\/galerie-ancienne-poste.com\/fr\/wp-json\/wp\/v2\/product\/5659","targetHints":{"allow":["GET"]}}],"collection":[{"href":"https:\/\/galerie-ancienne-poste.com\/fr\/wp-json\/wp\/v2\/product"}],"about":[{"href":"https:\/\/galerie-ancienne-poste.com\/fr\/wp-json\/wp\/v2\/types\/product"}],"wp:featuredmedia":[{"embeddable":true,"href":"https:\/\/galerie-ancienne-poste.com\/fr\/wp-json\/wp\/v2\/media\/5658"}],"wp:attachment":[{"href":"https:\/\/galerie-ancienne-poste.com\/fr\/wp-json\/wp\/v2\/media?parent=5659"}],"wp:term":[{"taxonomy":"artiste_","embeddable":true,"href":"https:\/\/galerie-ancienne-poste.com\/fr\/wp-json\/wp\/v2\/artiste_?post=5659"},{"taxonomy":"product_brand","embeddable":true,"href":"https:\/\/galerie-ancienne-poste.com\/fr\/wp-json\/wp\/v2\/product_brand?post=5659"},{"taxonomy":"product_cat","embeddable":true,"href":"https:\/\/galerie-ancienne-poste.com\/fr\/wp-json\/wp\/v2\/product_cat?post=5659"},{"taxonomy":"product_tag","embeddable":true,"href":"https:\/\/galerie-ancienne-poste.com\/fr\/wp-json\/wp\/v2\/product_tag?post=5659"}],"curies":[{"name":"wp","href":"https:\/\/api.w.org\/{rel}","templated":true}]}}